{"id":217,"date":"2019-09-06T11:01:21","date_gmt":"2019-09-06T11:01:21","guid":{"rendered":"http:\/\/141.95.35.115\/~andreasmarte\/?page_id=217"},"modified":"2019-10-23T13:44:33","modified_gmt":"2019-10-23T11:44:33","slug":"allgemeine-geschaftsbedingungen","status":"publish","type":"page","link":"https:\/\/andreas-marte.com\/es\/allgemeine-geschaftsbedingungen\/","title":{"rendered":"Condiciones generales de contrataci\u00f3n"},"content":{"rendered":"<p><\/p>\n<div class=\"\">\n<p class=\"p1\"><span class=\"s1\"><b>Condiciones generales de contrataci\u00f3n (CGC) de Andreas Marte Construcciones S.L.<\/b> <span class=\"Apple-converted-space\">\u00a0 \u00a0 <\/span>07\/2019 <span class=\"Apple-converted-space\">\u00a0 \u00a0 \u00a0 \u00a0 \u00a0 \u00a0 \u00a0 \u00a0 \u00a0 \u00a0 \u00a0 \u00a0 \u00a0 \u00a0 \u00a0 \u00a0 \u00a0 \u00a0 \u00a0 \u00a0 \u00a0 \u00a0 \u00a0 \u00a0 \u00a0 \u00a0 \u00a0 \u00a0 \u00a0 \u00a0 \u00a0 \u00a0 \u00a0 \u00a0 \u00a0 \u00a0 \u00a0 \u00a0 \u00a0 \u00a0 \u00a0 \u00a0 \u00a0 \u00a0 \u00a0 \u00a0 \u00a0 \u00a0 \u00a0 \u00a0 \u00a0 \u00a0 \u00a0 \u00a0 \u00a0 \u00a0 \u00a0 \u00a0 \u00a0 \u00a0 \u00a0 \u00a0 \u00a0 \u00a0 \u00a0 \u00a0 \u00a0 \u00a0 \u00a0 \u00a0 \u00a0 \u00a0 \u00a0 \u00a0 \u00a0 \u00a0 \u00a0 \u00a0 \u00a0 \u00a0 \u00a0 \u00a0 \u00a0 \u00a0 \u00a0 \u00a0 \u00a0 \u00a0 \u00a0 \u00a0 \u00a0 \u00a0 \u00a0 \u00a0 \u00a0 \u00a0 \u00a0 \u00a0 \u00a0 \u00a0 \u00a0 \u00a0 \u00a0 \u00a0 \u00a0 \u00a0 \u00a0 \u00a0 \u00a0 \u00a0 \u00a0 \u00a0 \u00a0 \u00a0 \u00a0 \u00a0<\/span><\/span><\/p>\n<p class=\"p1\"><span class=\"s1\"><b>I. Informaci\u00f3n general<\/b><br \/>\n1.1 Nosotros, la empresa Andreas Marte Construcciones S.L., recibiremos en lo sucesivo la denominaci\u00f3n de \u00abadjudicatario\u00bb (AN) en el contexto de las condiciones de servicio.<br \/>\n1.2 Las presentes condiciones de servicio tendr\u00e1n validez para todos nuestros presupuestos y contratos, siempre que no se acuerde expresamente otra cosa. Dichas condiciones formar\u00e1n parte del correspondiente contrato. No se tendr\u00e1n en consideraci\u00f3n otras condiciones generales de contrataci\u00f3n del cliente, incluso aunque no se contradigan expresamente. Las condiciones del cliente que difieran de las presentes \u00fanicamente tendr\u00e1n validez cuando las hayamos confirmado expresamente por escrito.<br \/>\n1.3 Nuestras condiciones generales de contrataci\u00f3n tendr\u00e1n validez en su correspondiente versi\u00f3n vigente, asimismo para todos los negocios sucesivos, sin que tengan que mencionarse expresamente o acordarse en su celebraci\u00f3n.<span class=\"Apple-converted-space\">\u00a0 \u00a0 \u00a0 \u00a0 \u00a0 \u00a0 \u00a0 \u00a0 \u00a0 \u00a0 \u00a0 \u00a0 \u00a0 \u00a0 \u00a0 \u00a0 \u00a0 \u00a0 \u00a0 \u00a0 \u00a0 \u00a0 \u00a0 \u00a0 \u00a0 \u00a0 \u00a0 \u00a0 \u00a0 \u00a0 \u00a0 \u00a0 \u00a0 \u00a0 \u00a0 \u00a0 \u00a0 \u00a0 \u00a0 \u00a0 \u00a0 \u00a0 \u00a0 \u00a0 \u00a0 \u00a0 \u00a0 \u00a0 \u00a0 \u00a0 \u00a0 \u00a0 \u00a0 \u00a0 \u00a0 \u00a0 \u00a0 \u00a0 \u00a0 \u00a0 \u00a0 \u00a0 \u00a0 \u00a0 \u00a0 \u00a0 \u00a0 \u00a0 \u00a0 \u00a0 \u00a0 \u00a0 \u00a0 \u00a0 \u00a0 \u00a0 \u00a0 \u00a0 \u00a0 \u00a0 \u00a0 \u00a0 \u00a0 \u00a0 \u00a0 \u00a0 \u00a0 \u00a0 \u00a0 \u00a0 \u00a0 \u00a0 \u00a0 \u00a0 \u00a0 \u00a0 \u00a0 \u00a0 \u00a0 \u00a0 \u00a0 <\/span><b><span class=\"Apple-converted-space\">\u00a0 \u00a0 \u00a0 \u00a0 \u00a0 \u00a0 \u00a0 \u00a0 \u00a0 \u00a0 \u00a0 \u00a0 \u00a0 \u00a0 \u00a0 \u00a0 \u00a0 \u00a0 \u00a0 \u00a0 \u00a0 \u00a0 \u00a0 \u00a0 \u00a0 \u00a0 \u00a0 \u00a0 \u00a0 \u00a0 \u00a0 \u00a0 \u00a0 \u00a0 <\/span><\/b><\/span><\/p>\n<p class=\"p1\"><span class=\"s1\"><b>1 Modalidad y alcance de la prestaci\u00f3n de servicios<\/b><br \/>\nEl contrato determinar\u00e1 la modalidad y el alcance de la prestaci\u00f3n que se va a ejecutar. El contrato podr\u00e1 celebrarse tanto en forma escrita como oral.<span class=\"Apple-converted-space\">\u00a0 \u00a0 \u00a0 \u00a0 \u00a0 \u00a0 \u00a0 \u00a0 \u00a0 \u00a0 \u00a0 \u00a0 \u00a0 \u00a0 \u00a0 \u00a0 \u00a0 \u00a0 \u00a0 \u00a0 \u00a0 <\/span><\/span><\/p>\n<p class=\"p1\"><span class=\"s1\"><b>2 Retribuci\u00f3n<\/b><br \/>\n2.1 Los precios acordados remuneran todas las prestaciones de servicios que las partes hayan acordado por contrato. Los precios acordados podr\u00e1n ser una cantidad global, tarifas salariales por hora o gastos propios.<br \/>\n2.2 En el caso de que otros servicios dependan del servicio o de un servicio parcial que se introduzca a un precio unitario para el que se haya acordado un total, con la modificaci\u00f3n del precio por unidad podr\u00e1 tener lugar una modificaci\u00f3n razonable de la cantidad global.<br \/>\n2.3 En el caso de modificaci\u00f3n de los acuerdos contractuales u otras disposiciones del cliente, se modificar\u00e1n las bases del precio de un servicio previsto por contrato, de modo que se genere un nuevo precio, teniendo en cuenta el aumento o la disminuci\u00f3n de los gastos.<br \/>\n2.4 En el caso de que el contrato no incluya un servicio adicional exigido, el adjudicatario tendr\u00e1 derecho a una remuneraci\u00f3n especial. Este anunciar\u00e1 al cliente, no obstante, el derecho especial antes de que comience la ejecuci\u00f3n del servicio.<br \/>\n2.5 La retribuci\u00f3n se determina de conformidad con los principios del c\u00e1lculo de precios para el servicio contratado y de los gastos especiales del servicio solicitado. En la medida de lo posible, la retribuci\u00f3n debe acordarse antes del inicio de la ejecuci\u00f3n.<br \/>\n2.6 En caso de que el cliente exija planos, c\u00e1lculos u otros documentos que el adjudicatario no est\u00e9 obligado a facilitar en virtud del presente contrato, el cliente deber\u00e1 remunerarlos.<span class=\"Apple-converted-space\">\u00a0 \u00a0<\/span><\/span><\/p>\n<p class=\"p1\"><span class=\"s1\"><b>3 Documentaci\u00f3n<\/b><br \/>\nLos documentos necesarios para la ejecuci\u00f3n se entregar\u00e1n al adjudicatario de forma gratuita y a su debido tiempo. <span class=\"Apple-converted-space\">\u00a0 \u00a0 \u00a0 \u00a0 \u00a0 \u00a0 \u00a0 \u00a0 \u00a0 \u00a0 \u00a0 \u00a0 \u00a0 \u00a0 \u00a0 \u00a0 \u00a0 \u00a0 \u00a0 \u00a0 \u00a0 \u00a0 \u00a0 \u00a0 \u00a0 \u00a0 \u00a0 \u00a0 \u00a0 \u00a0 \u00a0 \u00a0 \u00a0 \u00a0 \u00a0 \u00a0 \u00a0 \u00a0 \u00a0 \u00a0 \u00a0 \u00a0 \u00a0 \u00a0 \u00a0 \u00a0 \u00a0 \u00a0 \u00a0 \u00a0 \u00a0 \u00a0 <\/span><\/span><\/p>\n<p class=\"p1\"><span class=\"s1\"><b>4 Plazos<\/b><br \/>\nEl plazo de entrega o de cumplimiento acordado \u00fanicamente ser\u00e1 vinculante si dicho cumplimiento no se ve imposibilitado por circunstancias de las que el adjudicatario no sea responsable. Entre tales circunstancias se incluyen las modificaciones, as\u00ed como la falta de documentaci\u00f3n (licencia de obras, entre otras) que resulten necesarias para la ejecuci\u00f3n del encargo. <span class=\"Apple-converted-space\">\u00a0 \u00a0 \u00a0 \u00a0 \u00a0 \u00a0 \u00a0 \u00a0 \u00a0 \u00a0 \u00a0 \u00a0 \u00a0 \u00a0 \u00a0 \u00a0 \u00a0 \u00a0 \u00a0 \u00a0 \u00a0 <\/span><\/span><\/p>\n<p class=\"p1\"><span class=\"s1\"><b>5 Entrega<\/b><br \/>\n5.1 En el caso de que el adjudicatario exija la entrega del servicio despu\u00e9s de su terminaci\u00f3n \u2014en su caso, tambi\u00e9n antes de que expire el plazo de ejecuci\u00f3n acordado\u2014 el cliente asumir\u00e1 dicha entrega en un plazo de 12\u00a0d\u00edas laborables. Es posible acordar otro plazo.<br \/>\n5.2 En caso de existir deficiencias significativas, se podr\u00e1 denegar la entrega hasta que se eliminen dichas deficiencias.<br \/>\n5.3 De no exigirse la entrega formal, el servicio se considerar\u00e1 aceptado transcurridos 12\u00a0d\u00edas h\u00e1biles despu\u00e9s de la notificaci\u00f3n por escrito de la finalizaci\u00f3n del mismo.<br \/>\n5.4 De no exigirse ninguna entrega formal y si el cliente ha utilizado el servicio o parte del servicio, se considerar\u00e1 que la aceptaci\u00f3n ha tenido lugar 6\u00a0d\u00edas laborables despu\u00e9s del comienzo del uso, a menos que se acuerde otra cosa.<br \/>\n5.5 El cliente debe hacer valer inmediatamente sus reservas por defectos conocidos.<br \/>\n5.6 Con la entrega, el riesgo se transferir\u00e1 al cliente, a menos que el cliente ya lo haya asumido en ese momento. <span class=\"Apple-converted-space\">\u00a0 \u00a0 \u00a0 \u00a0 \u00a0 \u00a0 \u00a0 \u00a0 \u00a0 \u00a0 \u00a0 \u00a0 \u00a0 \u00a0 \u00a0 \u00a0 \u00a0 \u00a0 \u00a0 \u00a0 \u00a0 \u00a0 \u00a0 \u00a0 \u00a0 \u00a0 \u00a0 \u00a0 \u00a0 \u00a0 \u00a0 \u00a0 \u00a0 \u00a0 \u00a0 \u00a0 \u00a0 \u00a0 \u00a0 \u00a0 \u00a0 \u00a0 \u00a0 \u00a0 \u00a0 \u00a0 \u00a0 \u00a0 \u00a0 \u00a0 \u00a0 \u00a0 \u00a0 <\/span><br \/>\n<b><\/b><\/span><\/p>\n<p class=\"p1\"><span class=\"s1\"><b>6 Garant\u00eda y responsabilidad<\/b><br \/>\n6.1 El plazo de garant\u00eda para todas las prestaciones laborales, reparaciones, etc. que no requieran obra, as\u00ed como para el material instalado es de 1\u00a0a\u00f1o. Ello no ser\u00e1 de aplicaci\u00f3n cuando la ley prescriba plazos m\u00e1s amplios, as\u00ed como en el caso de da\u00f1os que atenten contra la vida, el cuerpo o la salud, en caso de incumplimiento intencional o por negligencia grave de las obligaciones del adjudicatario u ocultaci\u00f3n fraudulenta de un defecto.<br \/>\n6.2 En caso de que exista un defecto, el cliente conceder\u00e1 al adjudicatario un plazo razonable para su posterior subsanaci\u00f3n. El cliente se asegurar\u00e1, en particular, de que el objeto reclamado est\u00e9 a disposici\u00f3n del empresario de la obra para la inspecci\u00f3n y la ejecuci\u00f3n de su posterior subsanaci\u00f3n o bien para encomendar dicha ejecuci\u00f3n.<br \/>\n6.3 En caso de que el adjudicatario est\u00e9 obligado a la ejecuci\u00f3n de su posterior subsanaci\u00f3n, podr\u00e1, a su elecci\u00f3n, subsanar el defecto o volver a hacer la obra.<span class=\"Apple-converted-space\">\u00a0 \u00a0 \u00a0 \u00a0 \u00a0 \u00a0 \u00a0 \u00a0 \u00a0 \u00a0 \u00a0 \u00a0 \u00a0 \u00a0 \u00a0 \u00a0 \u00a0 \u00a0 \u00a0 \u00a0 \u00a0 \u00a0 \u00a0 \u00a0 \u00a0 \u00a0 \u00a0 \u00a0 \u00a0 \u00a0 \u00a0 \u00a0 \u00a0 \u00a0 \u00a0 \u00a0 \u00a0 \u00a0 \u00a0 \u00a0 \u00a0 \u00a0 \u00a0 \u00a0 \u00a0 \u00a0 \u00a0 \u00a0 \u00a0 \u00a0 \u00a0 \u00a0 \u00a0 \u00a0 \u00a0 \u00a0 \u00a0 \u00a0 \u00a0 \u00a0 \u00a0 \u00a0 \u00a0 \u00a0 \u00a0 \u00a0 \u00a0 \u00a0 \u00a0 \u00a0 \u00a0 \u00a0 \u00a0 \u00a0 \u00a0 \u00a0 \u00a0 \u00a0 \u00a0 \u00a0 \u00a0 \u00a0 \u00a0 \u00a0 \u00a0 \u00a0 \u00a0 \u00a0 \u00a0 \u00a0 \u00a0 \u00a0 \u00a0 \u00a0 \u00a0 \u00a0 \u00a0 \u00a0 \u00a0 \u00a0 \u00a0 \u00a0 \u00a0 \u00a0 \u00a0 \u00a0 \u00a0 \u00a0 \u00a0 \u00a0 \u00a0 \u00a0 \u00a0 \u00a0 \u00a0 \u00a0 \u00a0 \u00a0 \u00a0 \u00a0 \u00a0 \u00a0 \u00a0 \u00a0 \u00a0 \u00a0 \u00a0 \u00a0 \u00a0 \u00a0 \u00a0 \u00a0 \u00a0 \u00a0 \u00a0 \u00a0 \u00a0 \u00a0 \u00a0 \u00a0 \u00a0 \u00a0 \u00a0 \u00a0 \u00a0 <\/span><\/span><\/p>\n<p class=\"p1\"><span class=\"s1\"><b>7 Rescisi\u00f3n por parte del cliente<\/b><br \/>\n7.1 El cliente podr\u00e1 rescindir el contrato en cualquier momento hasta la finalizaci\u00f3n del servicio.<br \/>\n7.2 El adjudicatario tendr\u00e1 derecho a la remuneraci\u00f3n acordada. Tendr\u00e1, sin embargo, en cuenta lo que ahorra en cuanto a costes como consecuencia de la anulaci\u00f3n del contrato o por cualquier otro uso de su mano de obra y de su empresa, o lo que de mala fe dejase de hacer.<br \/>\n7.3 La rescisi\u00f3n se notificar\u00e1 por escrito.<br \/>\n7.4 El empresario de la obra podr\u00e1 exigir la medida y la aceptaci\u00f3n de los servicios que haya prestado tan pronto como sea posible despu\u00e9s de la rescisi\u00f3n del contrato. Presentar\u00e1 inmediatamente una factura verificable por los servicios prestados.<span class=\"Apple-converted-space\">\u00a0 \u00a0 \u00a0 \u00a0 \u00a0 \u00a0 \u00a0 \u00a0 \u00a0 \u00a0 \u00a0 \u00a0 \u00a0 \u00a0 \u00a0 \u00a0 \u00a0 \u00a0 \u00a0 \u00a0 \u00a0 \u00a0 \u00a0 \u00a0 \u00a0 \u00a0 \u00a0 \u00a0 \u00a0 \u00a0 \u00a0 \u00a0 \u00a0 \u00a0 \u00a0 \u00a0 \u00a0 \u00a0 \u00a0 \u00a0 \u00a0 \u00a0 \u00a0 \u00a0 \u00a0 \u00a0 \u00a0 \u00a0 \u00a0 \u00a0 \u00a0 \u00a0 \u00a0 \u00a0 \u00a0 \u00a0 \u00a0 \u00a0 \u00a0 \u00a0 \u00a0 \u00a0 \u00a0 \u00a0 \u00a0 \u00a0 \u00a0 \u00a0 \u00a0 \u00a0 \u00a0 \u00a0 \u00a0 \u00a0 \u00a0 \u00a0 \u00a0 \u00a0 \u00a0 \u00a0 \u00a0 \u00a0 \u00a0 \u00a0 \u00a0 \u00a0 \u00a0 \u00a0 \u00a0 \u00a0 \u00a0 \u00a0 \u00a0 \u00a0 \u00a0 \u00a0 \u00a0 \u00a0 \u00a0 \u00a0 \u00a0 \u00a0 \u00a0 <\/span><\/span><\/p>\n<p class=\"p1\"><span class=\"s1\"><b>8 Rescisi\u00f3n por parte del adjudicatario<\/b><br \/>\n8.1 El adjudicatario podr\u00e1 rescindir el contrato cuando el cliente no realice un pago vencido o se encuentre en situaci\u00f3n de retraso en el cumplimiento.<br \/>\n8.2 La rescisi\u00f3n se notificar\u00e1 por escrito. Esta \u00fanicamente se autorizar\u00e1 cuando el adjudicatario le haya concedido al cliente sin \u00e9xito un plazo razonable para la ejecuci\u00f3n del contrato y le haya comunicado que rescindir\u00e1 el mismo una vez el plazo haya expirado de manera infructuosa.<br \/>\n8.3 Los servicios ejecutados se facturar\u00e1n seg\u00fan los precios del contrato.<span class=\"Apple-converted-space\">\u00a0 \u00a0 \u00a0 \u00a0 \u00a0 \u00a0 \u00a0 \u00a0 \u00a0 \u00a0 \u00a0 \u00a0 \u00a0 \u00a0 \u00a0 \u00a0 \u00a0 \u00a0 \u00a0 \u00a0 \u00a0 \u00a0 \u00a0 \u00a0 \u00a0 \u00a0 \u00a0 \u00a0 \u00a0 \u00a0 \u00a0 \u00a0 \u00a0 \u00a0 \u00a0 \u00a0 \u00a0 \u00a0 \u00a0 \u00a0 \u00a0 \u00a0 \u00a0 \u00a0 \u00a0 \u00a0 \u00a0 \u00a0 \u00a0 \u00a0 \u00a0 \u00a0 \u00a0 \u00a0 \u00a0 \u00a0 \u00a0 \u00a0 \u00a0 \u00a0 \u00a0 \u00a0 \u00a0 \u00a0 \u00a0 \u00a0 \u00a0 \u00a0 \u00a0 \u00a0 \u00a0 \u00a0 \u00a0 \u00a0 \u00a0 \u00a0 \u00a0 \u00a0 \u00a0 \u00a0 \u00a0 \u00a0 \u00a0 \u00a0 \u00a0 \u00a0 \u00a0 <\/span><br \/>\n<b><\/b><\/span><\/p>\n<p class=\"p1\"><span class=\"s1\"><b>9 Ampliaci\u00f3n del derecho a pignoraci\u00f3n del adjudicatario sobre bienes muebles<\/b><br \/>\nPor deuda del pedido, al adjudicatario le corresponde un derecho prendario sobre el objeto del cliente que obre en su poder en virtud de dicho pedido. El derecho prendario podr\u00e1 asimismo hacerse valer respecto de deudas de trabajos realizados con anterioridad y de otros servicios, en la medida en que est\u00e9n relacionados con el objeto.<span class=\"Apple-converted-space\">\u00a0 \u00a0 \u00a0 \u00a0<\/span><\/span><\/p>\n<p class=\"p1\"><span class=\"s1\"><b>10 Reserva de propiedad<\/b><br \/>\n10.1 En la medida en que los componentes instalados o similares no se conviertan en componentes esenciales como consecuencia del pedido, el adjudicatario conservar\u00e1 la propiedad de estas piezas instaladas hasta que se hayan resuelto todas sus reclamaciones derivadas del contrato.<span class=\"Apple-converted-space\">\u00a0 \u00a0 \u00a0 \u00a0 \u00a0 \u00a0 \u00a0 \u00a0 \u00a0 \u00a0 \u00a0 \u00a0 \u00a0 \u00a0 \u00a0 \u00a0 \u00a0 \u00a0 \u00a0 \u00a0 \u00a0 \u00a0 \u00a0 \u00a0 \u00a0 \u00a0 \u00a0 \u00a0 \u00a0 \u00a0 \u00a0 \u00a0 \u00a0 \u00a0 \u00a0 \u00a0 \u00a0 \u00a0 \u00a0 \u00a0 \u00a0 \u00a0 \u00a0 \u00a0 \u00a0 \u00a0 \u00a0 \u00a0 \u00a0 \u00a0 \u00a0 \u00a0 \u00a0 \u00a0 \u00a0 \u00a0 \u00a0 \u00a0 \u00a0 \u00a0 \u00a0 \u00a0 <\/span>10.2. Si el cliente incurre en mora en el pago o no cumple con sus obligaciones de reserva de propiedad, el empresario de la obra podr\u00e1 exigir la retirada del objeto con el fin de desmontar las piezas insertadas.<br \/>\n10.3. Todos los gastos de recuperaci\u00f3n y desmontaje correr\u00e1n a cargo del cliente. Si la reparaci\u00f3n se realiza en las instalaciones del cliente, este ofrecer\u00e1 al adjudicatario la posibilidad de realizar el desmontaje en las mismas. Los gastos de mano de obra y de infraestructura correr\u00e1n a cargo del cliente.<\/span><\/p>\n<p class=\"p1\"><span class=\"s1\"><b>11 Responsabilidad por da\u00f1os y perjuicios<\/b><br \/>\n11.1 En el caso de da\u00f1os que atenten contra la vida, el cuerpo o la salud, resultado de un incumplimiento negligente de las obligaciones por parte del adjudicatario o de un incumplimiento intencional o negligente de las obligaciones por parte de sus representantes legales o auxiliares ejecutivos, este ser\u00e1 responsable de conformidad con las disposiciones legales.<br \/>\n11.2 En el caso de da\u00f1os que atenten contra la vida, el cuerpo o la salud, resultado de un incumplimiento negligente de las obligaciones por parte del cliente o de un incumplimiento intencional o negligente de las obligaciones por parte de sus representantes legales o auxiliares ejecutivos, este ser\u00e1 responsable de conformidad con las disposiciones legales.<span class=\"Apple-converted-space\">\u00a0 \u00a0 \u00a0 \u00a0 \u00a0 \u00a0 \u00a0 <\/span><br \/>\n11.3 Las exclusiones o limitaciones de responsabilidad no se aplicar\u00e1n cuando el adjudicatario haya ocultado un defecto de mala fe o haya asumido una garant\u00eda por la calidad de la cosa.<br \/>\n11.4 No se ver\u00e1 afectado el derecho del cliente a que se le reembolsen los gastos superfluos en lugar de la indemnizaci\u00f3n por da\u00f1os y perjuicios, en lugar de la prestaci\u00f3n. <\/span><\/p>\n<p class=\"p1\"><span class=\"s1\"><b>12 Precios y condiciones de pago<\/b><br \/>\n12.1 Se entiende que los precios finales son los precios desde la sede empresarial del adjudicatario, IVA incluido.<br \/>\n12.2 El total de todos los importes de las facturas se pagar\u00e1 inmediatamente despu\u00e9s de la facturaci\u00f3n. Los pagos parciales \u00fanicamente se contemplan cuando se hayan acordado de antemano por escrito.<br \/>\n12.3 En el caso de servicios no incluidos en el pedido o que difieran de la descripci\u00f3n de los servicios, el cliente podr\u00e1 solicitar o el adjudicatario podr\u00e1 presentar una oferta suplementaria. Mientras ello no suceda, los servicios se facturar\u00e1n en funci\u00f3n de la medida y del tiempo.<br \/>\n12.4 En el caso de pedidos cuya ejecuci\u00f3n supere el mes de duraci\u00f3n, se abonar\u00e1 un anticipo por importe del 90\u00a0% del respectivo valor del trabajo realizado, en funci\u00f3n del progreso. El adjudicatario solicitar\u00e1 los pagos parciales y estos ser\u00e1n satisfechos por el cliente en un plazo de 7 d\u00edas a partir de la fecha de facturaci\u00f3n. <\/span><\/p>\n<p class=\"p1\"><span class=\"s1\"><b>13 Lugar de jurisdicci\u00f3n<\/b><br \/>\nPara todas aquellas pretensiones actuales y futuras derivadas de la relaci\u00f3n comercial con los comerciantes, incluyendo los efectos o cheques por cobrar, el lugar de jurisdicci\u00f3n ser\u00e1 exclusivamente el domicilio del adjudicatario.<\/span><\/p>\n<\/div>\n<p><\/p>","protected":false},"excerpt":{"rendered":"<p>Condiciones generales de contrataci\u00f3n (CGC) de Andreas Marte Construcciones S.L. \u00a0 \u00a0 07\/2019 \u00a0 \u00a0 \u00a0 \u00a0 \u00a0 \u00a0 \u00a0 \u00a0 \u00a0 \u00a0 \u00a0 \u00a0 \u00a0 \u00a0 \u00a0 \u00a0 \u00a0 \u00a0 \u00a0 \u00a0 \u00a0 \u00a0 \u00a0 \u00a0 \u00a0 \u00a0 \u00a0 \u00a0 \u00a0 \u00a0 \u00a0 \u00a0 \u00a0 \u00a0 \u00a0 \u00a0 \u00a0 \u00a0 \u00a0 \u00a0 \u00a0 \u00a0 [&hellip;]<\/p>\n","protected":false},"author":1,"featured_media":0,"parent":0,"menu_order":0,"comment_status":"closed","ping_status":"closed","template":"","meta":[],"acf":[],"yoast_head":"<!-- This site is optimized with the Yoast SEO plugin v19.6.1 - https:\/\/yoast.com\/wordpress\/plugins\/seo\/ -->\n<title>Andreas Marte Construcciones SL Ibiza<\/title>\n<meta name=\"robots\" content=\"index, follow, max-snippet:-1, max-image-preview:large, max-video-preview:-1\" \/>\n<link rel=\"canonical\" href=\"https:\/\/andreas-marte.com\/es\/wp-json\/wp\/v2\/pages\/217\" \/>\n<meta property=\"og:locale\" content=\"es_ES\" \/>\n<meta property=\"og:type\" content=\"article\" \/>\n<meta property=\"og:url\" content=\"https:\/\/andreas-marte.com\/es\/wp-json\/wp\/v2\/pages\/217\" \/>\n<meta property=\"og:site_name\" content=\"Andreas Marte Construcciones SL Ibiza\" \/>\n<meta property=\"article:modified_time\" content=\"2019-10-23T11:44:33+00:00\" \/>\n<meta name=\"twitter:card\" content=\"summary_large_image\" \/>\n<meta name=\"twitter:description\" content=\"Condiciones generales de contrataci\u00f3n (CGC) de Andreas Marte Construcciones S.L. \u00a0 \u00a0 07\/2019 \u00a0 \u00a0 \u00a0 \u00a0 \u00a0 \u00a0 \u00a0 \u00a0 \u00a0 \u00a0 \u00a0 \u00a0 \u00a0 \u00a0 \u00a0 \u00a0 \u00a0 \u00a0 \u00a0 \u00a0 \u00a0 \u00a0 \u00a0 \u00a0 \u00a0 \u00a0 \u00a0 \u00a0 \u00a0 \u00a0 \u00a0 \u00a0 \u00a0 \u00a0 \u00a0 \u00a0 \u00a0 \u00a0 \u00a0 \u00a0 \u00a0 \u00a0 [&hellip;]\" \/>\n<meta name=\"twitter:label1\" content=\"Tiempo de lectura\" \/>\n\t<meta name=\"twitter:data1\" content=\"22 minutos\" \/>\n<script type=\"application\/ld+json\" class=\"yoast-schema-graph\">{\"@context\":\"https:\/\/schema.org\",\"@graph\":[{\"@type\":\"WebPage\",\"@id\":\"https:\/\/andreas-marte.com\/allgemeine-geschaftsbedingungen\/\",\"url\":\"https:\/\/andreas-marte.com\/es\/wp-json\/wp\/v2\/pages\/217\",\"name\":\"\",\"isPartOf\":{\"@id\":\"https:\/\/andreas-marte.com\/#website\"},\"datePublished\":\"2019-09-06T11:01:21+00:00\",\"dateModified\":\"2019-10-23T11:44:33+00:00\",\"breadcrumb\":{\"@id\":\"https:\/\/andreas-marte.com\/es\/wp-json\/wp\/v2\/pages\/217#breadcrumb\"},\"inLanguage\":\"es\",\"potentialAction\":[{\"@type\":\"ReadAction\",\"target\":[\"https:\/\/andreas-marte.com\/es\/wp-json\/wp\/v2\/pages\/217\"]}]},{\"@type\":\"BreadcrumbList\",\"@id\":\"https:\/\/andreas-marte.com\/es\/wp-json\/wp\/v2\/pages\/217#breadcrumb\",\"itemListElement\":[{\"@type\":\"ListItem\",\"position\":1,\"name\":\"Startseite\",\"item\":\"https:\/\/andreas-marte.com\/\"},{\"@type\":\"ListItem\",\"position\":2,\"name\":\"Allgemeine Gesch\u00e4ftsbedingungen\"}]},{\"@type\":\"WebSite\",\"@id\":\"https:\/\/andreas-marte.com\/#website\",\"url\":\"https:\/\/andreas-marte.com\/\",\"name\":\"Andreas Marte Construcciones SL Ibiza\",\"description\":\"Construcciones y reformas Ibiza\",\"potentialAction\":[{\"@type\":\"SearchAction\",\"target\":{\"@type\":\"EntryPoint\",\"urlTemplate\":\"https:\/\/andreas-marte.com\/?s={search_term_string}\"},\"query-input\":\"required name=search_term_string\"}],\"inLanguage\":\"es\"}]}<\/script>\n<!-- \/ Yoast SEO plugin. -->","yoast_head_json":{"title":"Andreas Marte Construcciones SL Ibiza","robots":{"index":"index","follow":"follow","max-snippet":"max-snippet:-1","max-image-preview":"max-image-preview:large","max-video-preview":"max-video-preview:-1"},"canonical":"https:\/\/andreas-marte.com\/es\/wp-json\/wp\/v2\/pages\/217","og_locale":"es_ES","og_type":"article","og_url":"https:\/\/andreas-marte.com\/es\/wp-json\/wp\/v2\/pages\/217","og_site_name":"Andreas Marte Construcciones SL Ibiza","article_modified_time":"2019-10-23T11:44:33+00:00","twitter_card":"summary_large_image","twitter_description":"Condiciones generales de contrataci\u00f3n (CGC) de Andreas Marte Construcciones S.L. \u00a0 \u00a0 07\/2019 \u00a0 \u00a0 \u00a0 \u00a0 \u00a0 \u00a0 \u00a0 \u00a0 \u00a0 \u00a0 \u00a0 \u00a0 \u00a0 \u00a0 \u00a0 \u00a0 \u00a0 \u00a0 \u00a0 \u00a0 \u00a0 \u00a0 \u00a0 \u00a0 \u00a0 \u00a0 \u00a0 \u00a0 \u00a0 \u00a0 \u00a0 \u00a0 \u00a0 \u00a0 \u00a0 \u00a0 \u00a0 \u00a0 \u00a0 \u00a0 \u00a0 \u00a0 [&hellip;]","twitter_misc":{"Tiempo de lectura":"22 minutos"},"schema":{"@context":"https:\/\/schema.org","@graph":[{"@type":"WebPage","@id":"https:\/\/andreas-marte.com\/allgemeine-geschaftsbedingungen\/","url":"https:\/\/andreas-marte.com\/es\/wp-json\/wp\/v2\/pages\/217","name":"","isPartOf":{"@id":"https:\/\/andreas-marte.com\/#website"},"datePublished":"2019-09-06T11:01:21+00:00","dateModified":"2019-10-23T11:44:33+00:00","breadcrumb":{"@id":"https:\/\/andreas-marte.com\/es\/wp-json\/wp\/v2\/pages\/217#breadcrumb"},"inLanguage":"es","potentialAction":[{"@type":"ReadAction","target":["https:\/\/andreas-marte.com\/es\/wp-json\/wp\/v2\/pages\/217"]}]},{"@type":"BreadcrumbList","@id":"https:\/\/andreas-marte.com\/es\/wp-json\/wp\/v2\/pages\/217#breadcrumb","itemListElement":[{"@type":"ListItem","position":1,"name":"Startseite","item":"https:\/\/andreas-marte.com\/"},{"@type":"ListItem","position":2,"name":"Allgemeine Gesch\u00e4ftsbedingungen"}]},{"@type":"WebSite","@id":"https:\/\/andreas-marte.com\/#website","url":"https:\/\/andreas-marte.com\/","name":"Andreas Marte Construcciones SL Ibiza","description":"Construcciones y reformas Ibiza","potentialAction":[{"@type":"SearchAction","target":{"@type":"EntryPoint","urlTemplate":"https:\/\/andreas-marte.com\/?s={search_term_string}"},"query-input":"required name=search_term_string"}],"inLanguage":"es"}]}},"_links":{"self":[{"href":"https:\/\/andreas-marte.com\/es\/wp-json\/wp\/v2\/pages\/217"}],"collection":[{"href":"https:\/\/andreas-marte.com\/es\/wp-json\/wp\/v2\/pages"}],"about":[{"href":"https:\/\/andreas-marte.com\/es\/wp-json\/wp\/v2\/types\/page"}],"author":[{"embeddable":true,"href":"https:\/\/andreas-marte.com\/es\/wp-json\/wp\/v2\/users\/1"}],"replies":[{"embeddable":true,"href":"https:\/\/andreas-marte.com\/es\/wp-json\/wp\/v2\/comments?post=217"}],"version-history":[{"count":4,"href":"https:\/\/andreas-marte.com\/es\/wp-json\/wp\/v2\/pages\/217\/revisions"}],"predecessor-version":[{"id":361,"href":"https:\/\/andreas-marte.com\/es\/wp-json\/wp\/v2\/pages\/217\/revisions\/361"}],"wp:attachment":[{"href":"https:\/\/andreas-marte.com\/es\/wp-json\/wp\/v2\/media?parent=217"}],"curies":[{"name":"wp","href":"https:\/\/api.w.org\/{rel}","templated":true}]}}