{"id":224,"date":"2019-09-06T11:08:31","date_gmt":"2019-09-06T11:08:31","guid":{"rendered":"http:\/\/141.95.35.115\/~andreasmarte\/?page_id=224"},"modified":"2019-10-23T16:47:49","modified_gmt":"2019-10-23T14:47:49","slug":"impressum","status":"publish","type":"page","link":"https:\/\/andreas-marte.com\/es\/impressum\/","title":{"rendered":"Aviso legal"},"content":{"rendered":"<p>Andreas Marte Construcciones S.L.<br \/>\nC\/ Ferrer Carta. San Juan Km 9,5<br \/>\n07840 Santa Eulalia del Rio, Espa\u00f1a<\/p>\n<h3>Gerente:<\/h3>\n<p>Andreas Marte<\/p>\n<h3>Contacto:<\/h3>\n<p>Tel\u00e9fono: +34 630 211 052<br \/>\nTel\u00e9fono: +34 634 225 650<br \/>\nCorreo electr\u00f3nico: info@141.95.35.115<\/p>\n<h3>N\u00famero de identificaci\u00f3n:<\/h3>\n<p>CIF: B-57496184<br \/>\nN\u00famero de identificaci\u00f3n fiscal Europea: ESB-57496184<\/p>\n<h3>Soluci\u00f3n de diferencias<\/h3>\n<p>La Comisi\u00f3n Europea proporciona una plataforma para la resoluci\u00f3n de disputas (OS) en l\u00ednea: https:\/\/ec.europa.eu\/consumers\/odr.<br \/>\nNuestra direcci\u00f3n de correo electr\u00f3nico se puede encontrar arriba en la impresi\u00f3n.<\/p>\n<p>No estamos dispuestos u obligados a participar en procedimientos de resoluci\u00f3n de disputas ante una junta de arbitraje de consumidores.<\/p>","protected":false},"excerpt":{"rendered":"<p>Andreas Marte Construcciones S.L. C\/ Ferrer Carta. San Juan Km 9,5 07840 Santa Eulalia del Rio, Espa\u00f1a Gerente: Andreas Marte Contacto: Tel\u00e9fono: +34 630 211 052 Tel\u00e9fono: +34 634 225 650 Correo electr\u00f3nico: info@141.95.35.115 N\u00famero de identificaci\u00f3n: CIF: B-57496184 N\u00famero de identificaci\u00f3n fiscal Europea: ESB-57496184 Soluci\u00f3n de diferencias La Comisi\u00f3n Europea proporciona una plataforma para [&hellip;]<\/p>\n","protected":false},"author":1,"featured_media":0,"parent":0,"menu_order":0,"comment_status":"closed","ping_status":"closed","template":"","meta":[],"acf":[],"yoast_head":"<!-- This site is optimized with the Yoast SEO plugin v19.6.1 - https:\/\/yoast.com\/wordpress\/plugins\/seo\/ -->\n<title>Andreas Marte Construcciones SL Ibiza<\/title>\n<meta name=\"robots\" content=\"index, follow, max-snippet:-1, max-image-preview:large, max-video-preview:-1\" \/>\n<link rel=\"canonical\" href=\"https:\/\/andreas-marte.com\/es\/wp-json\/wp\/v2\/pages\/224\" \/>\n<meta property=\"og:locale\" content=\"es_ES\" \/>\n<meta property=\"og:type\" content=\"article\" \/>\n<meta property=\"og:url\" content=\"https:\/\/andreas-marte.com\/es\/wp-json\/wp\/v2\/pages\/224\" \/>\n<meta property=\"og:site_name\" content=\"Andreas Marte Construcciones SL Ibiza\" \/>\n<meta property=\"article:modified_time\" content=\"2019-10-23T14:47:49+00:00\" \/>\n<meta name=\"twitter:card\" content=\"summary_large_image\" \/>\n<meta name=\"twitter:description\" content=\"Andreas Marte Construcciones S.L. C\/ Ferrer Carta. San Juan Km 9,5 07840 Santa Eulalia del Rio, Espa\u00f1a Gerente: Andreas Marte Contacto: Tel\u00e9fono: +34 630 211 052 Tel\u00e9fono: +34 634 225 650 Correo electr\u00f3nico: info@141.95.35.115 N\u00famero de identificaci\u00f3n: CIF: B-57496184 N\u00famero de identificaci\u00f3n fiscal Europea: ESB-57496184 Soluci\u00f3n de diferencias La Comisi\u00f3n Europea proporciona una plataforma para [&hellip;]\" \/>\n<meta name=\"twitter:label1\" content=\"Tiempo de lectura\" \/>\n\t<meta name=\"twitter:data1\" content=\"1 minuto\" \/>\n<script type=\"application\/ld+json\" class=\"yoast-schema-graph\">{\"@context\":\"https:\/\/schema.org\",\"@graph\":[{\"@type\":\"WebPage\",\"@id\":\"https:\/\/andreas-marte.com\/impressum\/\",\"url\":\"https:\/\/andreas-marte.com\/es\/wp-json\/wp\/v2\/pages\/224\",\"name\":\"\",\"isPartOf\":{\"@id\":\"https:\/\/andreas-marte.com\/#website\"},\"datePublished\":\"2019-09-06T11:08:31+00:00\",\"dateModified\":\"2019-10-23T14:47:49+00:00\",\"breadcrumb\":{\"@id\":\"https:\/\/andreas-marte.com\/es\/wp-json\/wp\/v2\/pages\/224#breadcrumb\"},\"inLanguage\":\"es\",\"potentialAction\":[{\"@type\":\"ReadAction\",\"target\":[\"https:\/\/andreas-marte.com\/es\/wp-json\/wp\/v2\/pages\/224\"]}]},{\"@type\":\"BreadcrumbList\",\"@id\":\"https:\/\/andreas-marte.com\/es\/wp-json\/wp\/v2\/pages\/224#breadcrumb\",\"itemListElement\":[{\"@type\":\"ListItem\",\"position\":1,\"name\":\"Startseite\",\"item\":\"https:\/\/andreas-marte.com\/\"},{\"@type\":\"ListItem\",\"position\":2,\"name\":\"Impressum\"}]},{\"@type\":\"WebSite\",\"@id\":\"https:\/\/andreas-marte.com\/#website\",\"url\":\"https:\/\/andreas-marte.com\/\",\"name\":\"Andreas Marte Construcciones SL Ibiza\",\"description\":\"Construcciones y reformas Ibiza\",\"potentialAction\":[{\"@type\":\"SearchAction\",\"target\":{\"@type\":\"EntryPoint\",\"urlTemplate\":\"https:\/\/andreas-marte.com\/?s={search_term_string}\"},\"query-input\":\"required name=search_term_string\"}],\"inLanguage\":\"es\"}]}<\/script>\n<!-- \/ Yoast SEO plugin. -->","yoast_head_json":{"title":"Andreas Marte Construcciones SL Ibiza","robots":{"index":"index","follow":"follow","max-snippet":"max-snippet:-1","max-image-preview":"max-image-preview:large","max-video-preview":"max-video-preview:-1"},"canonical":"https:\/\/andreas-marte.com\/es\/wp-json\/wp\/v2\/pages\/224","og_locale":"es_ES","og_type":"article","og_url":"https:\/\/andreas-marte.com\/es\/wp-json\/wp\/v2\/pages\/224","og_site_name":"Andreas Marte Construcciones SL Ibiza","article_modified_time":"2019-10-23T14:47:49+00:00","twitter_card":"summary_large_image","twitter_description":"Andreas Marte Construcciones S.L. C\/ Ferrer Carta. San Juan Km 9,5 07840 Santa Eulalia del Rio, Espa\u00f1a Gerente: Andreas Marte Contacto: Tel\u00e9fono: +34 630 211 052 Tel\u00e9fono: +34 634 225 650 Correo electr\u00f3nico: info@141.95.35.115 N\u00famero de identificaci\u00f3n: CIF: B-57496184 N\u00famero de identificaci\u00f3n fiscal Europea: ESB-57496184 Soluci\u00f3n de diferencias La Comisi\u00f3n Europea proporciona una plataforma para [&hellip;]","twitter_misc":{"Tiempo de lectura":"1 minuto"},"schema":{"@context":"https:\/\/schema.org","@graph":[{"@type":"WebPage","@id":"https:\/\/andreas-marte.com\/impressum\/","url":"https:\/\/andreas-marte.com\/es\/wp-json\/wp\/v2\/pages\/224","name":"","isPartOf":{"@id":"https:\/\/andreas-marte.com\/#website"},"datePublished":"2019-09-06T11:08:31+00:00","dateModified":"2019-10-23T14:47:49+00:00","breadcrumb":{"@id":"https:\/\/andreas-marte.com\/es\/wp-json\/wp\/v2\/pages\/224#breadcrumb"},"inLanguage":"es","potentialAction":[{"@type":"ReadAction","target":["https:\/\/andreas-marte.com\/es\/wp-json\/wp\/v2\/pages\/224"]}]},{"@type":"BreadcrumbList","@id":"https:\/\/andreas-marte.com\/es\/wp-json\/wp\/v2\/pages\/224#breadcrumb","itemListElement":[{"@type":"ListItem","position":1,"name":"Startseite","item":"https:\/\/andreas-marte.com\/"},{"@type":"ListItem","position":2,"name":"Impressum"}]},{"@type":"WebSite","@id":"https:\/\/andreas-marte.com\/#website","url":"https:\/\/andreas-marte.com\/","name":"Andreas Marte Construcciones SL Ibiza","description":"Construcciones y reformas Ibiza","potentialAction":[{"@type":"SearchAction","target":{"@type":"EntryPoint","urlTemplate":"https:\/\/andreas-marte.com\/?s={search_term_string}"},"query-input":"required name=search_term_string"}],"inLanguage":"es"}]}},"_links":{"self":[{"href":"https:\/\/andreas-marte.com\/es\/wp-json\/wp\/v2\/pages\/224"}],"collection":[{"href":"https:\/\/andreas-marte.com\/es\/wp-json\/wp\/v2\/pages"}],"about":[{"href":"https:\/\/andreas-marte.com\/es\/wp-json\/wp\/v2\/types\/page"}],"author":[{"embeddable":true,"href":"https:\/\/andreas-marte.com\/es\/wp-json\/wp\/v2\/users\/1"}],"replies":[{"embeddable":true,"href":"https:\/\/andreas-marte.com\/es\/wp-json\/wp\/v2\/comments?post=224"}],"version-history":[{"count":5,"href":"https:\/\/andreas-marte.com\/es\/wp-json\/wp\/v2\/pages\/224\/revisions"}],"predecessor-version":[{"id":369,"href":"https:\/\/andreas-marte.com\/es\/wp-json\/wp\/v2\/pages\/224\/revisions\/369"}],"wp:attachment":[{"href":"https:\/\/andreas-marte.com\/es\/wp-json\/wp\/v2\/media?parent=224"}],"curies":[{"name":"wp","href":"https:\/\/api.w.org\/{rel}","templated":true}]}}