{"id":226,"date":"2019-09-06T11:08:54","date_gmt":"2019-09-06T11:08:54","guid":{"rendered":"http:\/\/141.95.35.115\/~andreasmarte\/?page_id=226"},"modified":"2019-10-23T13:47:23","modified_gmt":"2019-10-23T11:47:23","slug":"haftungsausschluss","status":"publish","type":"page","link":"https:\/\/andreas-marte.com\/es\/haftungsausschluss\/","title":{"rendered":"Exenci\u00f3n de responsabilidad"},"content":{"rendered":"<p><\/p>\n<h3 class=\"std_text_oberhalb\">1. Limitaci\u00f3n de responsabilidad<\/h3>\n<p>Los contenidos de esta p\u00e1gina web son elaborados con el m\u00e1ximo cuidado posible. Sin embargo, el proveedor no asume responsabilidad alguna por la exactitud, integridad y actualidad de los contenidos facilitados. El uso de los contenidos de la p\u00e1gina se realiza bajo la propia responsabilidad del usuario. Los art\u00edculos en los que se especifica el nombre reflejan la opini\u00f3n del autor correspondiente y no necesariamente la opini\u00f3n del proveedor. La mera utilizaci\u00f3n de la p\u00e1gina web del proveedor no establece ning\u00fan tipo de relaci\u00f3n contractual entre el usuario y el proveedor.<\/p>\n<h3>2. Enlaces externos<\/h3>\n<div>Esta p\u00e1gina web contiene v\u00ednculos a p\u00e1ginas web de terceros (\u00abenlaces externos\u00bb). La responsabilidad por tales p\u00e1ginas web recae sobre el operador respectivo. Al vincular por primera vez los enlaces externos, el proveedor ha verificado los contenidos ajenos en cuanto a posibles ilegalidades. En dicho momento no se constat\u00f3 ning\u00fan tipo de ilegalidad. El proveedor no puede influir de ning\u00fan modo en el dise\u00f1o actual y futuro ni en los contenidos de las p\u00e1ginas vinculadas. La inclusi\u00f3n de enlaces externos no implica que el proveedor haga suyos los contenidos a los que se acceda a trav\u00e9s de la referencia o del enlace. No cabe exigirse al proveedor un control permanente de los enlaces externos sin existir indicios concretos de una ilegalidad. No obstante, al conocerse la existencia de cualquier ilegalidad se proceder\u00e1 a la eliminaci\u00f3n inmediata de tales enlaces externos.<\/div>\n<p>&nbsp;<\/p>\n<h3>3. Derechos de autor y derechos conexos<\/h3>\n<div>\n<p>Los contenidos publicados en esta p\u00e1gina web est\u00e1n sujetos a la ley alemana sobre derechos de autor y derechos conexos. Todo uso no autorizado por dicha ley alemana sobre derechos de autor y derechos conexos requiere el consentimiento previo por escrito del proveedor o del respectivo titular del derecho. Esto se aplica en particular a la copia, adaptaci\u00f3n, traducci\u00f3n, almacenamiento, procesamiento y\/o reproducci\u00f3n de contenidos en bases de datos u otros sistemas y medios electr\u00f3nicos. Los contenidos y derechos de terceros aparecen se\u00f1alados como tales. La copia o facilitaci\u00f3n no autorizada de los distintos contenidos o de p\u00e1ginas completas no est\u00e1 permitida, adem\u00e1s de constituir un hecho punible. \u00danicamente se permite la realizaci\u00f3n de copias y descargas para el uso personal, privado y no comercial.<\/p>\n<p>La presentaci\u00f3n de esta p\u00e1gina web en otros frames de terceros solo est\u00e1 permitida si media autorizaci\u00f3n por escrito.<\/p>\n<\/div>\n<p><\/p>","protected":false},"excerpt":{"rendered":"<p>1. Limitaci\u00f3n de responsabilidad Los contenidos de esta p\u00e1gina web son elaborados con el m\u00e1ximo cuidado posible. Sin embargo, el proveedor no asume responsabilidad alguna por la exactitud, integridad y actualidad de los contenidos facilitados. El uso de los contenidos de la p\u00e1gina se realiza bajo la propia responsabilidad del usuario. Los art\u00edculos en los [&hellip;]<\/p>\n","protected":false},"author":1,"featured_media":0,"parent":0,"menu_order":0,"comment_status":"closed","ping_status":"closed","template":"","meta":[],"acf":[],"yoast_head":"<!-- This site is optimized with the Yoast SEO plugin v19.6.1 - https:\/\/yoast.com\/wordpress\/plugins\/seo\/ -->\n<title>Andreas Marte Construcciones SL Ibiza<\/title>\n<meta name=\"robots\" content=\"index, follow, max-snippet:-1, max-image-preview:large, max-video-preview:-1\" \/>\n<link rel=\"canonical\" href=\"https:\/\/andreas-marte.com\/es\/wp-json\/wp\/v2\/pages\/226\" \/>\n<meta property=\"og:locale\" content=\"es_ES\" \/>\n<meta property=\"og:type\" content=\"article\" \/>\n<meta property=\"og:url\" content=\"https:\/\/andreas-marte.com\/es\/wp-json\/wp\/v2\/pages\/226\" \/>\n<meta property=\"og:site_name\" content=\"Andreas Marte Construcciones SL Ibiza\" \/>\n<meta property=\"article:modified_time\" content=\"2019-10-23T11:47:23+00:00\" \/>\n<meta name=\"twitter:card\" content=\"summary_large_image\" \/>\n<meta name=\"twitter:description\" content=\"1. Limitaci\u00f3n de responsabilidad Los contenidos de esta p\u00e1gina web son elaborados con el m\u00e1ximo cuidado posible. Sin embargo, el proveedor no asume responsabilidad alguna por la exactitud, integridad y actualidad de los contenidos facilitados. El uso de los contenidos de la p\u00e1gina se realiza bajo la propia responsabilidad del usuario. Los art\u00edculos en los [&hellip;]\" \/>\n<meta name=\"twitter:label1\" content=\"Tiempo de lectura\" \/>\n\t<meta name=\"twitter:data1\" content=\"5 minutos\" \/>\n<script type=\"application\/ld+json\" class=\"yoast-schema-graph\">{\"@context\":\"https:\/\/schema.org\",\"@graph\":[{\"@type\":\"WebPage\",\"@id\":\"https:\/\/andreas-marte.com\/haftungsausschluss\/\",\"url\":\"https:\/\/andreas-marte.com\/es\/wp-json\/wp\/v2\/pages\/226\",\"name\":\"\",\"isPartOf\":{\"@id\":\"https:\/\/andreas-marte.com\/#website\"},\"datePublished\":\"2019-09-06T11:08:54+00:00\",\"dateModified\":\"2019-10-23T11:47:23+00:00\",\"breadcrumb\":{\"@id\":\"https:\/\/andreas-marte.com\/es\/wp-json\/wp\/v2\/pages\/226#breadcrumb\"},\"inLanguage\":\"es\",\"potentialAction\":[{\"@type\":\"ReadAction\",\"target\":[\"https:\/\/andreas-marte.com\/es\/wp-json\/wp\/v2\/pages\/226\"]}]},{\"@type\":\"BreadcrumbList\",\"@id\":\"https:\/\/andreas-marte.com\/es\/wp-json\/wp\/v2\/pages\/226#breadcrumb\",\"itemListElement\":[{\"@type\":\"ListItem\",\"position\":1,\"name\":\"Startseite\",\"item\":\"https:\/\/andreas-marte.com\/\"},{\"@type\":\"ListItem\",\"position\":2,\"name\":\"Haftungsausschluss\"}]},{\"@type\":\"WebSite\",\"@id\":\"https:\/\/andreas-marte.com\/#website\",\"url\":\"https:\/\/andreas-marte.com\/\",\"name\":\"Andreas Marte Construcciones SL Ibiza\",\"description\":\"Construcciones y reformas Ibiza\",\"potentialAction\":[{\"@type\":\"SearchAction\",\"target\":{\"@type\":\"EntryPoint\",\"urlTemplate\":\"https:\/\/andreas-marte.com\/?s={search_term_string}\"},\"query-input\":\"required name=search_term_string\"}],\"inLanguage\":\"es\"}]}<\/script>\n<!-- \/ Yoast SEO plugin. -->","yoast_head_json":{"title":"Andreas Marte Construcciones SL Ibiza","robots":{"index":"index","follow":"follow","max-snippet":"max-snippet:-1","max-image-preview":"max-image-preview:large","max-video-preview":"max-video-preview:-1"},"canonical":"https:\/\/andreas-marte.com\/es\/wp-json\/wp\/v2\/pages\/226","og_locale":"es_ES","og_type":"article","og_url":"https:\/\/andreas-marte.com\/es\/wp-json\/wp\/v2\/pages\/226","og_site_name":"Andreas Marte Construcciones SL Ibiza","article_modified_time":"2019-10-23T11:47:23+00:00","twitter_card":"summary_large_image","twitter_description":"1. Limitaci\u00f3n de responsabilidad Los contenidos de esta p\u00e1gina web son elaborados con el m\u00e1ximo cuidado posible. Sin embargo, el proveedor no asume responsabilidad alguna por la exactitud, integridad y actualidad de los contenidos facilitados. El uso de los contenidos de la p\u00e1gina se realiza bajo la propia responsabilidad del usuario. Los art\u00edculos en los [&hellip;]","twitter_misc":{"Tiempo de lectura":"5 minutos"},"schema":{"@context":"https:\/\/schema.org","@graph":[{"@type":"WebPage","@id":"https:\/\/andreas-marte.com\/haftungsausschluss\/","url":"https:\/\/andreas-marte.com\/es\/wp-json\/wp\/v2\/pages\/226","name":"","isPartOf":{"@id":"https:\/\/andreas-marte.com\/#website"},"datePublished":"2019-09-06T11:08:54+00:00","dateModified":"2019-10-23T11:47:23+00:00","breadcrumb":{"@id":"https:\/\/andreas-marte.com\/es\/wp-json\/wp\/v2\/pages\/226#breadcrumb"},"inLanguage":"es","potentialAction":[{"@type":"ReadAction","target":["https:\/\/andreas-marte.com\/es\/wp-json\/wp\/v2\/pages\/226"]}]},{"@type":"BreadcrumbList","@id":"https:\/\/andreas-marte.com\/es\/wp-json\/wp\/v2\/pages\/226#breadcrumb","itemListElement":[{"@type":"ListItem","position":1,"name":"Startseite","item":"https:\/\/andreas-marte.com\/"},{"@type":"ListItem","position":2,"name":"Haftungsausschluss"}]},{"@type":"WebSite","@id":"https:\/\/andreas-marte.com\/#website","url":"https:\/\/andreas-marte.com\/","name":"Andreas Marte Construcciones SL Ibiza","description":"Construcciones y reformas Ibiza","potentialAction":[{"@type":"SearchAction","target":{"@type":"EntryPoint","urlTemplate":"https:\/\/andreas-marte.com\/?s={search_term_string}"},"query-input":"required name=search_term_string"}],"inLanguage":"es"}]}},"_links":{"self":[{"href":"https:\/\/andreas-marte.com\/es\/wp-json\/wp\/v2\/pages\/226"}],"collection":[{"href":"https:\/\/andreas-marte.com\/es\/wp-json\/wp\/v2\/pages"}],"about":[{"href":"https:\/\/andreas-marte.com\/es\/wp-json\/wp\/v2\/types\/page"}],"author":[{"embeddable":true,"href":"https:\/\/andreas-marte.com\/es\/wp-json\/wp\/v2\/users\/1"}],"replies":[{"embeddable":true,"href":"https:\/\/andreas-marte.com\/es\/wp-json\/wp\/v2\/comments?post=226"}],"version-history":[{"count":3,"href":"https:\/\/andreas-marte.com\/es\/wp-json\/wp\/v2\/pages\/226\/revisions"}],"predecessor-version":[{"id":362,"href":"https:\/\/andreas-marte.com\/es\/wp-json\/wp\/v2\/pages\/226\/revisions\/362"}],"wp:attachment":[{"href":"https:\/\/andreas-marte.com\/es\/wp-json\/wp\/v2\/media?parent=226"}],"curies":[{"name":"wp","href":"https:\/\/api.w.org\/{rel}","templated":true}]}}