{"id":5,"date":"2019-09-04T14:02:20","date_gmt":"2019-09-04T14:02:20","guid":{"rendered":"http:\/\/141.95.35.115\/~andreasmarte\/?page_id=5"},"modified":"2022-09-12T19:01:03","modified_gmt":"2022-09-12T17:01:03","slug":"home","status":"publish","type":"page","link":"https:\/\/andreas-marte.com\/es\/","title":{"rendered":"HOME"},"content":{"rendered":"","protected":false},"excerpt":{"rendered":"","protected":false},"author":1,"featured_media":0,"parent":0,"menu_order":0,"comment_status":"closed","ping_status":"closed","template":"page-home.php","meta":[],"acf":[],"yoast_head":"<!-- This site is optimized with the Yoast SEO plugin v19.6.1 - https:\/\/yoast.com\/wordpress\/plugins\/seo\/ -->\n<title>Bienvenidos - Andreas Marte Construcciones SL Ibiza<\/title>\n<meta name=\"description\" content=\"Nos enorgullecemos de nuestra larga tradici\u00f3n como proveedor de servicios de construcci\u00f3n. Somos una empresa familiar con experimentados colaboradores, su interlocutor para todas las tareas relacionadas con la construcci\u00f3n. Cuidamos hasta el m\u00e1s m\u00ednimo detalle.\u2028\" \/>\n<meta name=\"robots\" content=\"index, follow, max-snippet:-1, max-image-preview:large, max-video-preview:-1\" \/>\n<link rel=\"canonical\" href=\"https:\/\/andreas-marte.com\/es\/wp-json\/wp\/v2\/pages\/5\" \/>\n<meta property=\"og:locale\" content=\"es_ES\" \/>\n<meta property=\"og:type\" content=\"article\" \/>\n<meta property=\"og:title\" content=\"Bienvenidos - Andreas Marte Construcciones SL Ibiza\" \/>\n<meta property=\"og:description\" content=\"Nos enorgullecemos de nuestra larga tradici\u00f3n como proveedor de servicios de construcci\u00f3n. Somos una empresa familiar con experimentados colaboradores, su interlocutor para todas las tareas relacionadas con la construcci\u00f3n. Cuidamos hasta el m\u00e1s m\u00ednimo detalle.\u2028\" \/>\n<meta property=\"og:url\" content=\"https:\/\/andreas-marte.com\/es\/wp-json\/wp\/v2\/pages\/5\" \/>\n<meta property=\"og:site_name\" content=\"Andreas Marte Construcciones SL Ibiza\" \/>\n<meta property=\"article:modified_time\" content=\"2022-09-12T17:01:03+00:00\" \/>\n<meta name=\"twitter:card\" content=\"summary_large_image\" \/>\n<script type=\"application\/ld+json\" class=\"yoast-schema-graph\">{\"@context\":\"https:\/\/schema.org\",\"@graph\":[{\"@type\":\"WebPage\",\"@id\":\"https:\/\/andreas-marte.com\/\",\"url\":\"https:\/\/andreas-marte.com\/es\/wp-json\/wp\/v2\/pages\/5\",\"name\":\"Bienvenidos - Andreas Marte Construcciones SL Ibiza\",\"isPartOf\":{\"@id\":\"https:\/\/andreas-marte.com\/#website\"},\"datePublished\":\"2019-09-04T14:02:20+00:00\",\"dateModified\":\"2022-09-12T17:01:03+00:00\",\"description\":\"Nos enorgullecemos de nuestra larga tradici\u00f3n como proveedor de servicios de construcci\u00f3n. Somos una empresa familiar con experimentados colaboradores, su interlocutor para todas las tareas relacionadas con la construcci\u00f3n. Cuidamos hasta el m\u00e1s m\u00ednimo detalle.\\u2028\",\"breadcrumb\":{\"@id\":\"https:\/\/andreas-marte.com\/es\/wp-json\/wp\/v2\/pages\/5#breadcrumb\"},\"inLanguage\":\"es\",\"potentialAction\":[{\"@type\":\"ReadAction\",\"target\":[\"https:\/\/andreas-marte.com\/es\/wp-json\/wp\/v2\/pages\/5\"]}]},{\"@type\":\"BreadcrumbList\",\"@id\":\"https:\/\/andreas-marte.com\/es\/wp-json\/wp\/v2\/pages\/5#breadcrumb\",\"itemListElement\":[{\"@type\":\"ListItem\",\"position\":1,\"name\":\"Startseite\",\"item\":\"https:\/\/andreas-marte.com\/\"},{\"@type\":\"ListItem\",\"position\":2,\"name\":\"HOME\"}]},{\"@type\":\"WebSite\",\"@id\":\"https:\/\/andreas-marte.com\/#website\",\"url\":\"https:\/\/andreas-marte.com\/\",\"name\":\"Andreas Marte Construcciones SL Ibiza\",\"description\":\"Construcciones y reformas Ibiza\",\"potentialAction\":[{\"@type\":\"SearchAction\",\"target\":{\"@type\":\"EntryPoint\",\"urlTemplate\":\"https:\/\/andreas-marte.com\/?s={search_term_string}\"},\"query-input\":\"required name=search_term_string\"}],\"inLanguage\":\"es\"}]}<\/script>\n<!-- \/ Yoast SEO plugin. -->","yoast_head_json":{"title":"Bienvenidos - Andreas Marte Construcciones SL Ibiza","description":"Nos enorgullecemos de nuestra larga tradici\u00f3n como proveedor de servicios de construcci\u00f3n. Somos una empresa familiar con experimentados colaboradores, su interlocutor para todas las tareas relacionadas con la construcci\u00f3n. Cuidamos hasta el m\u00e1s m\u00ednimo detalle.\u2028","robots":{"index":"index","follow":"follow","max-snippet":"max-snippet:-1","max-image-preview":"max-image-preview:large","max-video-preview":"max-video-preview:-1"},"canonical":"https:\/\/andreas-marte.com\/es\/wp-json\/wp\/v2\/pages\/5","og_locale":"es_ES","og_type":"article","og_title":"Bienvenidos - Andreas Marte Construcciones SL Ibiza","og_description":"Nos enorgullecemos de nuestra larga tradici\u00f3n como proveedor de servicios de construcci\u00f3n. Somos una empresa familiar con experimentados colaboradores, su interlocutor para todas las tareas relacionadas con la construcci\u00f3n. Cuidamos hasta el m\u00e1s m\u00ednimo detalle.\u2028","og_url":"https:\/\/andreas-marte.com\/es\/wp-json\/wp\/v2\/pages\/5","og_site_name":"Andreas Marte Construcciones SL Ibiza","article_modified_time":"2022-09-12T17:01:03+00:00","twitter_card":"summary_large_image","schema":{"@context":"https:\/\/schema.org","@graph":[{"@type":"WebPage","@id":"https:\/\/andreas-marte.com\/","url":"https:\/\/andreas-marte.com\/es\/wp-json\/wp\/v2\/pages\/5","name":"Bienvenidos - Andreas Marte Construcciones SL Ibiza","isPartOf":{"@id":"https:\/\/andreas-marte.com\/#website"},"datePublished":"2019-09-04T14:02:20+00:00","dateModified":"2022-09-12T17:01:03+00:00","description":"Nos enorgullecemos de nuestra larga tradici\u00f3n como proveedor de servicios de construcci\u00f3n. Somos una empresa familiar con experimentados colaboradores, su interlocutor para todas las tareas relacionadas con la construcci\u00f3n. Cuidamos hasta el m\u00e1s m\u00ednimo detalle.\u2028","breadcrumb":{"@id":"https:\/\/andreas-marte.com\/es\/wp-json\/wp\/v2\/pages\/5#breadcrumb"},"inLanguage":"es","potentialAction":[{"@type":"ReadAction","target":["https:\/\/andreas-marte.com\/es\/wp-json\/wp\/v2\/pages\/5"]}]},{"@type":"BreadcrumbList","@id":"https:\/\/andreas-marte.com\/es\/wp-json\/wp\/v2\/pages\/5#breadcrumb","itemListElement":[{"@type":"ListItem","position":1,"name":"Startseite","item":"https:\/\/andreas-marte.com\/"},{"@type":"ListItem","position":2,"name":"HOME"}]},{"@type":"WebSite","@id":"https:\/\/andreas-marte.com\/#website","url":"https:\/\/andreas-marte.com\/","name":"Andreas Marte Construcciones SL Ibiza","description":"Construcciones y reformas Ibiza","potentialAction":[{"@type":"SearchAction","target":{"@type":"EntryPoint","urlTemplate":"https:\/\/andreas-marte.com\/?s={search_term_string}"},"query-input":"required name=search_term_string"}],"inLanguage":"es"}]}},"_links":{"self":[{"href":"https:\/\/andreas-marte.com\/es\/wp-json\/wp\/v2\/pages\/5"}],"collection":[{"href":"https:\/\/andreas-marte.com\/es\/wp-json\/wp\/v2\/pages"}],"about":[{"href":"https:\/\/andreas-marte.com\/es\/wp-json\/wp\/v2\/types\/page"}],"author":[{"embeddable":true,"href":"https:\/\/andreas-marte.com\/es\/wp-json\/wp\/v2\/users\/1"}],"replies":[{"embeddable":true,"href":"https:\/\/andreas-marte.com\/es\/wp-json\/wp\/v2\/comments?post=5"}],"version-history":[{"count":6,"href":"https:\/\/andreas-marte.com\/es\/wp-json\/wp\/v2\/pages\/5\/revisions"}],"predecessor-version":[{"id":372,"href":"https:\/\/andreas-marte.com\/es\/wp-json\/wp\/v2\/pages\/5\/revisions\/372"}],"wp:attachment":[{"href":"https:\/\/andreas-marte.com\/es\/wp-json\/wp\/v2\/media?parent=5"}],"curies":[{"name":"wp","href":"https:\/\/api.w.org\/{rel}","templated":true}]}}